{"id":2094,"date":"2025-03-29T20:49:39","date_gmt":"2025-03-29T19:49:39","guid":{"rendered":"https:\/\/lospanas.es\/?page_id=2094"},"modified":"2025-03-29T20:49:41","modified_gmt":"2025-03-29T19:49:41","slug":"shop-2","status":"publish","type":"page","link":"https:\/\/lospanas.es\/en\/tienda\/","title":{"rendered":"Shop"},"content":{"rendered":"","protected":false},"excerpt":{"rendered":"","protected":false},"author":1,"featured_media":0,"parent":0,"menu_order":0,"comment_status":"closed","ping_status":"closed","template":"","meta":{"site-sidebar-layout":"default","site-content-layout":"","ast-site-content-layout":"default","site-content-style":"default","site-sidebar-style":"default","ast-global-header-display":"","ast-banner-title-visibility":"","ast-main-header-display":"","ast-hfb-above-header-display":"","ast-hfb-below-header-display":"","ast-hfb-mobile-header-display":"","site-post-title":"","ast-breadcrumbs-content":"","ast-featured-img":"","footer-sml-layout":"","ast-disable-related-posts":"","theme-transparent-header-meta":"","adv-header-id-meta":"","stick-header-meta":"","header-above-stick-meta":"","header-main-stick-meta":"","header-below-stick-meta":"","astra-migrate-meta-layouts":"set","ast-page-background-enabled":"default","ast-page-background-meta":{"desktop":{"background-color":"","background-image":"","background-repeat":"repeat","background-position":"center center","background-size":"auto","background-attachment":"scroll","background-type":"","background-media":"","overlay-type":"","overlay-color":"","overlay-opacity":"","overlay-gradient":""},"tablet":{"background-color":"","background-image":"","background-repeat":"repeat","background-position":"center center","background-size":"auto","background-attachment":"scroll","background-type":"","background-media":"","overlay-type":"","overlay-color":"","overlay-opacity":"","overlay-gradient":""},"mobile":{"background-color":"","background-image":"","background-repeat":"repeat","background-position":"center center","background-size":"auto","background-attachment":"scroll","background-type":"","background-media":"","overlay-type":"","overlay-color":"","overlay-opacity":"","overlay-gradient":""}},"ast-content-background-meta":{"desktop":{"background-color":"var(--ast-global-color-5)","background-image":"","background-repeat":"repeat","background-position":"center center","background-size":"auto","background-attachment":"scroll","background-type":"","background-media":"","overlay-type":"","overlay-color":"","overlay-opacity":"","overlay-gradient":""},"tablet":{"background-color":"var(--ast-global-color-5)","background-image":"","background-repeat":"repeat","background-position":"center center","background-size":"auto","background-attachment":"scroll","background-type":"","background-media":"","overlay-type":"","overlay-color":"","overlay-opacity":"","overlay-gradient":""},"mobile":{"background-color":"var(--ast-global-color-5)","background-image":"","background-repeat":"repeat","background-position":"center center","background-size":"auto","background-attachment":"scroll","background-type":"","background-media":"","overlay-type":"","overlay-color":"","overlay-opacity":"","overlay-gradient":""}},"footnotes":""},"class_list":["post-2094","page","type-page","status-publish","hentry"],"yoast_head":"<!-- This site is optimized with the Yoast SEO plugin v27.1.1 - https:\/\/yoast.com\/product\/yoast-seo-wordpress\/ -->\n<title>Los Panas - Comida r\u00e1pida Venezolana \ud83d\udd25 2026 \u2705<\/title>\n<meta name=\"description\" content=\"La mejor comida callejera Venezolana en Espa\u00f1a \ud83c\udf54\ud83d\udd25 \u00a1Vis\u00edtanos! o pide a domicilio. Hamburguesas, shawarma, pepitos, teque\u00f1os y m\u00e1s. \u00a1La comida mas brutal esta en los panas!\" \/>\n<meta name=\"robots\" content=\"index, follow, max-snippet:-1, max-image-preview:large, max-video-preview:-1\" \/>\n<link rel=\"canonical\" href=\"https:\/\/lospanas.es\/en\/shop-2\/\" \/>\n<meta property=\"og:locale\" content=\"en_GB\" \/>\n<meta property=\"og:type\" content=\"article\" \/>\n<meta property=\"og:title\" content=\"Los Panas - Comida r\u00e1pida Venezolana \ud83d\udd25 2026 \u2705\" \/>\n<meta property=\"og:description\" content=\"La mejor comida callejera Venezolana en Espa\u00f1a \ud83c\udf54\ud83d\udd25 \u00a1Vis\u00edtanos! o pide a domicilio. Hamburguesas, shawarma, pepitos, teque\u00f1os y m\u00e1s. \u00a1La comida mas brutal esta en los panas!\" \/>\n<meta property=\"og:url\" content=\"https:\/\/lospanas.es\/en\/shop-2\/\" \/>\n<meta property=\"og:site_name\" content=\"Los Panas\" \/>\n<meta property=\"article:publisher\" content=\"https:\/\/www.facebook.com\/lospanas.es\" \/>\n<meta property=\"article:modified_time\" content=\"2025-03-29T19:49:41+00:00\" \/>\n<meta property=\"og:image\" content=\"https:\/\/lospanas.es\/wp-content\/uploads\/1200x675-FONDO-PARA-PRODUCTOS.png\" \/>\n\t<meta property=\"og:image:width\" content=\"1200\" \/>\n\t<meta property=\"og:image:height\" content=\"675\" \/>\n\t<meta property=\"og:image:type\" content=\"image\/png\" \/>\n<meta name=\"twitter:card\" content=\"summary_large_image\" \/>\n<script type=\"application\/ld+json\" class=\"yoast-schema-graph\">{\"@context\":\"https:\/\/schema.org\",\"@graph\":[{\"@type\":\"WebPage\",\"@id\":\"https:\/\/lospanas.es\/tienda\/\",\"url\":\"https:\/\/lospanas.es\/tienda\/\",\"name\":\"Los Panas - Comida r\u00e1pida Venezolana \ud83d\udd25 2026 \u2705\",\"isPartOf\":{\"@id\":\"https:\/\/lospanas.es\/#website\"},\"datePublished\":\"2025-03-29T19:49:39+00:00\",\"dateModified\":\"2025-03-29T19:49:41+00:00\",\"description\":\"La mejor comida callejera Venezolana en Espa\u00f1a \ud83c\udf54\ud83d\udd25 \u00a1Vis\u00edtanos! o pide a domicilio. Hamburguesas, shawarma, pepitos, teque\u00f1os y m\u00e1s. \u00a1La comida mas brutal esta en los panas!\",\"breadcrumb\":{\"@id\":\"https:\/\/lospanas.es\/tienda\/#breadcrumb\"},\"inLanguage\":\"en-GB\",\"potentialAction\":[{\"@type\":\"ReadAction\",\"target\":[\"https:\/\/lospanas.es\/tienda\/\"]}]},{\"@type\":\"BreadcrumbList\",\"@id\":\"https:\/\/lospanas.es\/tienda\/#breadcrumb\",\"itemListElement\":[{\"@type\":\"ListItem\",\"position\":1,\"name\":\"Portada\",\"item\":\"https:\/\/lospanas.es\/\"},{\"@type\":\"ListItem\",\"position\":2,\"name\":\"Tienda\"}]},{\"@type\":\"WebSite\",\"@id\":\"https:\/\/lospanas.es\/#website\",\"url\":\"https:\/\/lospanas.es\/\",\"name\":\"LOS PANAS\",\"description\":\"Restaurante Venezolano\",\"publisher\":{\"@id\":\"https:\/\/lospanas.es\/#organization\"},\"alternateName\":\"Los Panas\",\"potentialAction\":[{\"@type\":\"SearchAction\",\"target\":{\"@type\":\"EntryPoint\",\"urlTemplate\":\"https:\/\/lospanas.es\/?s={search_term_string}\"},\"query-input\":{\"@type\":\"PropertyValueSpecification\",\"valueRequired\":true,\"valueName\":\"search_term_string\"}}],\"inLanguage\":\"en-GB\"},{\"@type\":\"Organization\",\"@id\":\"https:\/\/lospanas.es\/#organization\",\"name\":\"LOS PANAS Restaurante Venezolano\",\"alternateName\":\"Los Panas\",\"url\":\"https:\/\/lospanas.es\/\",\"logo\":{\"@type\":\"ImageObject\",\"inLanguage\":\"en-GB\",\"@id\":\"https:\/\/lospanas.es\/#\/schema\/logo\/image\/\",\"url\":\"https:\/\/lospanas.es\/wp-content\/uploads\/2025\/01\/Logo-LOS-PANAS-300px.png\",\"contentUrl\":\"https:\/\/lospanas.es\/wp-content\/uploads\/2025\/01\/Logo-LOS-PANAS-300px.png\",\"width\":300,\"height\":230,\"caption\":\"LOS PANAS Restaurante Venezolano\"},\"image\":{\"@id\":\"https:\/\/lospanas.es\/#\/schema\/logo\/image\/\"},\"sameAs\":[\"https:\/\/www.facebook.com\/lospanas.es\",\"https:\/\/www.instagram.com\/lospanas.es\/\"]}]}<\/script>\n<!-- \/ Yoast SEO plugin. -->","yoast_head_json":{"title":"Los Panas - Venezuelan Fast Food \ud83d\udd25 2026 \u2705","description":"The best Venezuelan street food in Spain \ud83c\udf54\ud83d\udd25 Visit us! or order at home. Burgers, shawarma, pepitos, teque\u00f1os and more. The most brutal food is in the panas!","robots":{"index":"index","follow":"follow","max-snippet":"max-snippet:-1","max-image-preview":"max-image-preview:large","max-video-preview":"max-video-preview:-1"},"canonical":"https:\/\/lospanas.es\/en\/shop-2\/","og_locale":"en_GB","og_type":"article","og_title":"Los Panas - Comida r\u00e1pida Venezolana \ud83d\udd25 2026 \u2705","og_description":"La mejor comida callejera Venezolana en Espa\u00f1a \ud83c\udf54\ud83d\udd25 \u00a1Vis\u00edtanos! o pide a domicilio. Hamburguesas, shawarma, pepitos, teque\u00f1os y m\u00e1s. \u00a1La comida mas brutal esta en los panas!","og_url":"https:\/\/lospanas.es\/en\/shop-2\/","og_site_name":"Los Panas","article_publisher":"https:\/\/www.facebook.com\/lospanas.es","article_modified_time":"2025-03-29T19:49:41+00:00","og_image":[{"width":1200,"height":675,"url":"https:\/\/lospanas.es\/wp-content\/uploads\/1200x675-FONDO-PARA-PRODUCTOS.png","type":"image\/png"}],"twitter_card":"summary_large_image","schema":{"@context":"https:\/\/schema.org","@graph":[{"@type":"WebPage","@id":"https:\/\/lospanas.es\/tienda\/","url":"https:\/\/lospanas.es\/tienda\/","name":"Los Panas - Venezuelan Fast Food \ud83d\udd25 2026 \u2705","isPartOf":{"@id":"https:\/\/lospanas.es\/#website"},"datePublished":"2025-03-29T19:49:39+00:00","dateModified":"2025-03-29T19:49:41+00:00","description":"The best Venezuelan street food in Spain \ud83c\udf54\ud83d\udd25 Visit us! or order at home. Burgers, shawarma, pepitos, teque\u00f1os and more. The most brutal food is in the panas!","breadcrumb":{"@id":"https:\/\/lospanas.es\/tienda\/#breadcrumb"},"inLanguage":"en-GB","potentialAction":[{"@type":"ReadAction","target":["https:\/\/lospanas.es\/tienda\/"]}]},{"@type":"BreadcrumbList","@id":"https:\/\/lospanas.es\/tienda\/#breadcrumb","itemListElement":[{"@type":"ListItem","position":1,"name":"Portada","item":"https:\/\/lospanas.es\/"},{"@type":"ListItem","position":2,"name":"Tienda"}]},{"@type":"WebSite","@id":"https:\/\/lospanas.es\/#website","url":"https:\/\/lospanas.es\/","name":"LOS PANAS","description":"Venezuelan Restaurant","publisher":{"@id":"https:\/\/lospanas.es\/#organization"},"alternateName":"Los Panas","potentialAction":[{"@type":"SearchAction","target":{"@type":"EntryPoint","urlTemplate":"https:\/\/lospanas.es\/?s={search_term_string}"},"query-input":{"@type":"PropertyValueSpecification","valueRequired":true,"valueName":"search_term_string"}}],"inLanguage":"en-GB"},{"@type":"Organization","@id":"https:\/\/lospanas.es\/#organization","name":"LOS PANAS Venezuelan Restaurant","alternateName":"Los Panas","url":"https:\/\/lospanas.es\/","logo":{"@type":"ImageObject","inLanguage":"en-GB","@id":"https:\/\/lospanas.es\/#\/schema\/logo\/image\/","url":"https:\/\/lospanas.es\/wp-content\/uploads\/2025\/01\/Logo-LOS-PANAS-300px.png","contentUrl":"https:\/\/lospanas.es\/wp-content\/uploads\/2025\/01\/Logo-LOS-PANAS-300px.png","width":300,"height":230,"caption":"LOS PANAS Restaurante Venezolano"},"image":{"@id":"https:\/\/lospanas.es\/#\/schema\/logo\/image\/"},"sameAs":["https:\/\/www.facebook.com\/lospanas.es","https:\/\/www.instagram.com\/lospanas.es\/"]}]}},"_links":{"self":[{"href":"https:\/\/lospanas.es\/en\/wp-json\/wp\/v2\/pages\/2094","targetHints":{"allow":["GET"]}}],"collection":[{"href":"https:\/\/lospanas.es\/en\/wp-json\/wp\/v2\/pages"}],"about":[{"href":"https:\/\/lospanas.es\/en\/wp-json\/wp\/v2\/types\/page"}],"author":[{"embeddable":true,"href":"https:\/\/lospanas.es\/en\/wp-json\/wp\/v2\/users\/1"}],"replies":[{"embeddable":true,"href":"https:\/\/lospanas.es\/en\/wp-json\/wp\/v2\/comments?post=2094"}],"version-history":[{"count":1,"href":"https:\/\/lospanas.es\/en\/wp-json\/wp\/v2\/pages\/2094\/revisions"}],"predecessor-version":[{"id":2095,"href":"https:\/\/lospanas.es\/en\/wp-json\/wp\/v2\/pages\/2094\/revisions\/2095"}],"wp:attachment":[{"href":"https:\/\/lospanas.es\/en\/wp-json\/wp\/v2\/media?parent=2094"}],"curies":[{"name":"wp","href":"https:\/\/api.w.org\/{rel}","templated":true}]}}