{"id":905,"date":"2025-01-29T00:25:39","date_gmt":"2025-01-28T23:25:39","guid":{"rendered":"https:\/\/lospanas.es\/?page_id=905"},"modified":"2025-04-18T12:42:50","modified_gmt":"2025-04-18T10:42:50","slug":"botiga","status":"publish","type":"page","link":"https:\/\/lospanas.es\/ca\/shop\/","title":{"rendered":"Botiga"},"content":{"rendered":"<div data-elementor-type=\"wp-page\" data-elementor-id=\"905\" class=\"elementor elementor-905\" data-elementor-post-type=\"page\">\n\t\t\t\t<div class=\"elementor-element elementor-element-6826aad e-con-full e-flex e-con e-parent\" data-id=\"6826aad\" data-element_type=\"container\" data-e-type=\"container\" data-settings=\"{&quot;background_background&quot;:&quot;classic&quot;}\">\n\t\t\t\t<div class=\"elementor-element elementor-element-57f6d89 elementor-widget elementor-widget-shortcode\" data-id=\"57f6d89\" data-element_type=\"widget\" data-e-type=\"widget\" data-widget_type=\"shortcode.default\">\n\t\t\t\t<div class=\"elementor-widget-container\">\n\t\t\t\t\t\t\t<div class=\"elementor-shortcode\"><style>\n       .errordiv { padding:10px; margin:10px; border: 1px solid #555555;color: #000000;background-color: #f8f8f8; width:500px; }#advanced_iframe {visibility:visible;opacity:1;vertical-align:top;}.ai-info-bottom-iframe { position: fixed; z-index: 10000; bottom:0; left: 0; margin: 0px; text-align: center; width: 100%; background-color: #ff9999; padding-left: 5px;padding-bottom: 5px; border-top: 1px solid #aaa } a.ai-bold {font-weight: bold;}#ai-layer-div-advanced_iframe p {height:100%;margin:0;padding:0}<\/style><script type=\"text\/javascript\">var ai_iframe_width_advanced_iframe = 0;var ai_iframe_height_advanced_iframe = 0;var aiOnloadScrollTop=\"true\";var aiShowDebug=false;\n\t\tif (typeof aiReadyCallbacks === 'undefined') {\n\t\t\tvar aiReadyCallbacks = [];\n\t\t} else if (!(aiReadyCallbacks instanceof Array)) {\n\t\t\tvar aiReadyCallbacks = [];\n\t\t}    function aiShowIframeId(id_iframe) { jQuery(\"#\"+id_iframe).css(\"visibility\", \"visible\");    }    function aiResizeIframeHeight(height) { aiResizeIframeHeight(height,advanced_iframe); }    function aiResizeIframeHeightId(height,width,id) {aiResizeIframeHeightById(id,height);}<\/script><iframe id=\"advanced_iframe\"  name=\"advanced_iframe\"  src=\"https:\/\/lospanas.last.shop\/es\/\"  width=\"100%\"  height=\"90vh\"  frameborder=\"0\"  border=\"0\"  allowtransparency=\"true\"  loading=\"lazy\"  style=\";border-width: 0px;;border: none;;width:100%;;height:90vh;\"  onload='setTimeout(function() { ;aiResizeIframe(ifrm_advanced_iframe, &quot;false&quot;,&quot;1&quot;);},1)' ><\/iframe><script type=\"text\/javascript\">var ifrm_advanced_iframe = document.getElementById(\"advanced_iframe\");var hiddenTabsDoneadvanced_iframe = false;\nfunction resizeCallbackadvanced_iframe() {}<\/script><script type=\"text\/javascript\"><\/script><p style=\"display:block !important; visibility:visible !important;margin: -18px 14px 0 0;padding-left: 3px;padding-top:3px;background: white; overflow: hidden; position: relative; line-height:15px;width: fit-content;\"><small style=\"display:block !important;visibility:visible !important\">powered by Advanced iFrame<\/small><\/p><\/div>\n\t\t\t\t\t\t<\/div>\n\t\t\t\t<\/div>\n\t\t\t\t<\/div>\n\t\t<div class=\"elementor-element elementor-element-289c119 e-flex e-con-boxed e-con e-parent\" data-id=\"289c119\" data-element_type=\"container\" data-e-type=\"container\" data-settings=\"{&quot;background_background&quot;:&quot;classic&quot;}\">\n\t\t\t\t\t<div class=\"e-con-inner\">\n\t\t\t\t<div class=\"elementor-element elementor-element-785614e elementor-widget elementor-widget-html\" data-id=\"785614e\" data-element_type=\"widget\" data-e-type=\"widget\" data-widget_type=\"html.default\">\n\t\t\t\t<div class=\"elementor-widget-container\">\n\t\t\t\t\t<img decoding=\"async\" id=\"footer1\" class=\"wp-image-609 aligncenter\" src=\"https:\/\/lospanas.es\/wp-content\/uploads\/2025\/01\/cropped-P-LOSPANAS-300x300.png\" alt=\"Logotip de Los Panas\" width=\"60\" height=\"60\" srcset=\"https:\/\/lospanas.es\/wp-content\/uploads\/2025\/01\/cropped-P-LOSPANAS-300x300.png 300w, https:\/\/lospanas.es\/wp-content\/uploads\/2025\/01\/cropped-P-LOSPANAS-150x150.png 150w, https:\/\/lospanas.es\/wp-content\/uploads\/2025\/01\/cropped-P-LOSPANAS-270x270.png 270w, https:\/\/lospanas.es\/wp-content\/uploads\/2025\/01\/cropped-P-LOSPANAS-192x192.png 192w, https:\/\/lospanas.es\/wp-content\/uploads\/2025\/01\/cropped-P-LOSPANAS-180x180.png 180w, https:\/\/lospanas.es\/wp-content\/uploads\/2025\/01\/cropped-P-LOSPANAS-32x32.png 32w, https:\/\/lospanas.es\/wp-content\/uploads\/2025\/01\/cropped-P-LOSPANAS.png 512w\" sizes=\"(max-width: 60px) 100vw, 60px\" \/>\n\n<p style=\"text-align: center;\"><span style=\"font-size: 10pt;\"><span style=\"color: #000000;\">Drets d'autor \u00a9 <\/span> <span style=\"color: #ff6600;\">LOS PANAS<\/span> <span style=\"color: #000000;\"> Dissenyat per<\/span> <span style=\"color: #ff6600;\"><a style=\"color: #ff6600;\" href=\"https:\/\/orlyz.com\/\">Orlyz<\/a><\/span><\/span><\/p>\t\t\t\t<\/div>\n\t\t\t\t<\/div>\n\t\t\t\t\t<\/div>\n\t\t\t\t<\/div>\n\t\t<div class=\"elementor-element elementor-element-6af7074 elementor-hidden-desktop elementor-hidden-tablet elementor-hidden-mobile e-flex e-con-boxed e-con e-parent\" data-id=\"6af7074\" data-element_type=\"container\" data-e-type=\"container\">\n\t\t\t\t\t<div class=\"e-con-inner\">\n\t\t\t\t<div class=\"elementor-element elementor-element-9ff8b51 elementor-widget elementor-widget-heading\" data-id=\"9ff8b51\" data-element_type=\"widget\" data-e-type=\"widget\" data-widget_type=\"heading.default\">\n\t\t\t\t<div class=\"elementor-widget-container\">\n\t\t\t\t\t<h2 class=\"elementor-heading-title elementor-size-default\">Comanda en l\u00ednia - Lliurament de menjar vene\u00e7ol\u00e0<\/h2>\t\t\t\t<\/div>\n\t\t\t\t<\/div>\n\t\t\t\t<div class=\"elementor-element elementor-element-d1225dd elementor-widget elementor-widget-text-editor\" data-id=\"d1225dd\" data-element_type=\"widget\" data-e-type=\"widget\" data-widget_type=\"text-editor.default\">\n\t\t\t\t<div class=\"elementor-widget-container\">\n\t\t\t\t\t\t\t\t\t<p>Entrega de menjar vene\u00e7ol\u00e0. Hamburgueses, shawarma, pepitos, teque\u00f1os i m\u00e9s. \ud83c\udf54 Del restaurant a la teva taula, demana el millor menjar de carrer vene\u00e7ol\u00e0 per a domicili \ud83d\udd25<\/p>\t\t\t\t\t\t\t\t<\/div>\n\t\t\t\t<\/div>\n\t\t\t\t\t<\/div>\n\t\t\t\t<\/div>\n\t\t\t\t<\/div>","protected":false},"excerpt":{"rendered":"<p>Copyright \u00a9 LOS PANAS | Designed by ORLYZ Pide Online &#8211; Comida Venezolana a domicilio Comida Venezolana a domicilio. Hamburguesas, shawarma, pepitos, teque\u00f1os y m\u00e1s. \ud83c\udf54 Del Restaurante a tu mesa, pide la mejor comida callejera venezolana a domicilio \ud83d\udd25<\/p>","protected":false},"author":1,"featured_media":1626,"parent":0,"menu_order":0,"comment_status":"closed","ping_status":"closed","template":"","meta":{"site-sidebar-layout":"no-sidebar","site-content-layout":"page-builder","ast-site-content-layout":"full-width-container","site-content-style":"default","site-sidebar-style":"default","ast-global-header-display":"disabled","ast-banner-title-visibility":"disabled","ast-main-header-display":"","ast-hfb-above-header-display":"","ast-hfb-below-header-display":"","ast-hfb-mobile-header-display":"","site-post-title":"disabled","ast-breadcrumbs-content":"","ast-featured-img":"disabled","footer-sml-layout":"disabled","ast-disable-related-posts":"","theme-transparent-header-meta":"","adv-header-id-meta":"","stick-header-meta":"","header-above-stick-meta":"","header-main-stick-meta":"","header-below-stick-meta":"","astra-migrate-meta-layouts":"set","ast-page-background-enabled":"default","ast-page-background-meta":{"desktop":{"background-color":"","background-image":"","background-repeat":"repeat","background-position":"center center","background-size":"auto","background-attachment":"scroll","background-type":"","background-media":"","overlay-type":"","overlay-color":"","overlay-opacity":"","overlay-gradient":""},"tablet":{"background-color":"","background-image":"","background-repeat":"repeat","background-position":"center center","background-size":"auto","background-attachment":"scroll","background-type":"","background-media":"","overlay-type":"","overlay-color":"","overlay-opacity":"","overlay-gradient":""},"mobile":{"background-color":"","background-image":"","background-repeat":"repeat","background-position":"center center","background-size":"auto","background-attachment":"scroll","background-type":"","background-media":"","overlay-type":"","overlay-color":"","overlay-opacity":"","overlay-gradient":""}},"ast-content-background-meta":{"desktop":{"background-color":"var(--ast-global-color-5)","background-image":"","background-repeat":"repeat","background-position":"center center","background-size":"auto","background-attachment":"scroll","background-type":"","background-media":"","overlay-type":"","overlay-color":"","overlay-opacity":"","overlay-gradient":""},"tablet":{"background-color":"var(--ast-global-color-5)","background-image":"","background-repeat":"repeat","background-position":"center center","background-size":"auto","background-attachment":"scroll","background-type":"","background-media":"","overlay-type":"","overlay-color":"","overlay-opacity":"","overlay-gradient":""},"mobile":{"background-color":"var(--ast-global-color-5)","background-image":"","background-repeat":"repeat","background-position":"center center","background-size":"auto","background-attachment":"scroll","background-type":"","background-media":"","overlay-type":"","overlay-color":"","overlay-opacity":"","overlay-gradient":""}},"footnotes":""},"class_list":["post-905","page","type-page","status-publish","has-post-thumbnail","hentry"],"yoast_head":"<!-- This site is optimized with the Yoast SEO plugin v27.1.1 - https:\/\/yoast.com\/product\/yoast-seo-wordpress\/ -->\n<title>Los Panas - Pide Online \ud83d\udd25 2026 \u2705<\/title>\n<meta name=\"description\" content=\"Hamburguesas, shawarma, pepitos, teque\u00f1os y m\u00e1s. \ud83c\udf54 Del Restaurante a tu mesa, pide la mejor comida callejera venezolana a domicilio \ud83d\udd25\" \/>\n<meta name=\"robots\" content=\"index, follow, max-snippet:-1, max-image-preview:large, max-video-preview:-1\" \/>\n<link rel=\"canonical\" href=\"https:\/\/lospanas.es\/ca\/botiga\/\" \/>\n<meta property=\"og:locale\" content=\"ca_ES\" \/>\n<meta property=\"og:type\" content=\"article\" \/>\n<meta property=\"og:title\" content=\"Los Panas - Pide Online \ud83d\udd25 2026 \u2705\" \/>\n<meta property=\"og:description\" content=\"Hamburguesas, shawarma, pepitos, teque\u00f1os y m\u00e1s. \ud83c\udf54 Del Restaurante a tu mesa, pide la mejor comida callejera venezolana a domicilio \ud83d\udd25\" \/>\n<meta property=\"og:url\" content=\"https:\/\/lospanas.es\/ca\/botiga\/\" \/>\n<meta property=\"og:site_name\" content=\"Los Panas\" \/>\n<meta property=\"article:publisher\" content=\"https:\/\/www.facebook.com\/lospanas.es\" \/>\n<meta property=\"article:modified_time\" content=\"2025-04-18T10:42:50+00:00\" \/>\n<meta property=\"og:image\" content=\"https:\/\/lospanas.es\/wp-content\/uploads\/1LOS-PANAS-DELIVERY.png\" \/>\n\t<meta property=\"og:image:width\" content=\"468\" \/>\n\t<meta property=\"og:image:height\" content=\"219\" \/>\n\t<meta property=\"og:image:type\" content=\"image\/png\" \/>\n<meta name=\"twitter:card\" content=\"summary_large_image\" \/>\n<meta name=\"twitter:label1\" content=\"Temps estimat de lectura\" \/>\n\t<meta name=\"twitter:data1\" content=\"1 minut\" \/>\n<script type=\"application\/ld+json\" class=\"yoast-schema-graph\">{\"@context\":\"https:\/\/schema.org\",\"@graph\":[{\"@type\":\"WebPage\",\"@id\":\"https:\/\/lospanas.es\/shop\/\",\"url\":\"https:\/\/lospanas.es\/shop\/\",\"name\":\"Los Panas - Pide Online \ud83d\udd25 2026 \u2705\",\"isPartOf\":{\"@id\":\"https:\/\/lospanas.es\/#website\"},\"primaryImageOfPage\":{\"@id\":\"https:\/\/lospanas.es\/shop\/#primaryimage\"},\"image\":{\"@id\":\"https:\/\/lospanas.es\/shop\/#primaryimage\"},\"thumbnailUrl\":\"https:\/\/lospanas.es\/wp-content\/uploads\/1LOS-PANAS-DELIVERY.png\",\"datePublished\":\"2025-01-28T23:25:39+00:00\",\"dateModified\":\"2025-04-18T10:42:50+00:00\",\"description\":\"Hamburguesas, shawarma, pepitos, teque\u00f1os y m\u00e1s. \ud83c\udf54 Del Restaurante a tu mesa, pide la mejor comida callejera venezolana a domicilio \ud83d\udd25\",\"breadcrumb\":{\"@id\":\"https:\/\/lospanas.es\/shop\/#breadcrumb\"},\"inLanguage\":\"ca\",\"potentialAction\":[{\"@type\":\"ReadAction\",\"target\":[\"https:\/\/lospanas.es\/shop\/\"]}]},{\"@type\":\"ImageObject\",\"inLanguage\":\"ca\",\"@id\":\"https:\/\/lospanas.es\/shop\/#primaryimage\",\"url\":\"https:\/\/lospanas.es\/wp-content\/uploads\/1LOS-PANAS-DELIVERY.png\",\"contentUrl\":\"https:\/\/lospanas.es\/wp-content\/uploads\/1LOS-PANAS-DELIVERY.png\",\"width\":468,\"height\":219,\"caption\":\"LOS-PANAS-DELIVERY\"},{\"@type\":\"BreadcrumbList\",\"@id\":\"https:\/\/lospanas.es\/shop\/#breadcrumb\",\"itemListElement\":[{\"@type\":\"ListItem\",\"position\":1,\"name\":\"Portada\",\"item\":\"https:\/\/lospanas.es\/\"},{\"@type\":\"ListItem\",\"position\":2,\"name\":\"SHOP\"}]},{\"@type\":\"WebSite\",\"@id\":\"https:\/\/lospanas.es\/#website\",\"url\":\"https:\/\/lospanas.es\/\",\"name\":\"LOS PANAS\",\"description\":\"Restaurante Venezolano\",\"publisher\":{\"@id\":\"https:\/\/lospanas.es\/#organization\"},\"alternateName\":\"Los Panas\",\"potentialAction\":[{\"@type\":\"SearchAction\",\"target\":{\"@type\":\"EntryPoint\",\"urlTemplate\":\"https:\/\/lospanas.es\/?s={search_term_string}\"},\"query-input\":{\"@type\":\"PropertyValueSpecification\",\"valueRequired\":true,\"valueName\":\"search_term_string\"}}],\"inLanguage\":\"ca\"},{\"@type\":\"Organization\",\"@id\":\"https:\/\/lospanas.es\/#organization\",\"name\":\"LOS PANAS Restaurante Venezolano\",\"alternateName\":\"Los Panas\",\"url\":\"https:\/\/lospanas.es\/\",\"logo\":{\"@type\":\"ImageObject\",\"inLanguage\":\"ca\",\"@id\":\"https:\/\/lospanas.es\/#\/schema\/logo\/image\/\",\"url\":\"https:\/\/lospanas.es\/wp-content\/uploads\/2025\/01\/Logo-LOS-PANAS-300px.png\",\"contentUrl\":\"https:\/\/lospanas.es\/wp-content\/uploads\/2025\/01\/Logo-LOS-PANAS-300px.png\",\"width\":300,\"height\":230,\"caption\":\"LOS PANAS Restaurante Venezolano\"},\"image\":{\"@id\":\"https:\/\/lospanas.es\/#\/schema\/logo\/image\/\"},\"sameAs\":[\"https:\/\/www.facebook.com\/lospanas.es\",\"https:\/\/www.instagram.com\/lospanas.es\/\"]}]}<\/script>\n<!-- \/ Yoast SEO plugin. -->","yoast_head_json":{"title":"Los Panas - Comanda en l\u00ednia \ud83d\udd25 2026 \u2705","description":"Hamburgueses, shawarma, pepitos, teque\u00f1os i m\u00e9s. \ud83c\udf54 Del restaurant a la teva taula, demana el millor menjar de carrer vene\u00e7ol\u00e0 per a lliurament a domicili \ud83d\udd25","robots":{"index":"index","follow":"follow","max-snippet":"max-snippet:-1","max-image-preview":"max-image-preview:large","max-video-preview":"max-video-preview:-1"},"canonical":"https:\/\/lospanas.es\/ca\/botiga\/","og_locale":"ca_ES","og_type":"article","og_title":"Los Panas - Pide Online \ud83d\udd25 2026 \u2705","og_description":"Hamburguesas, shawarma, pepitos, teque\u00f1os y m\u00e1s. \ud83c\udf54 Del Restaurante a tu mesa, pide la mejor comida callejera venezolana a domicilio \ud83d\udd25","og_url":"https:\/\/lospanas.es\/ca\/botiga\/","og_site_name":"Los Panas","article_publisher":"https:\/\/www.facebook.com\/lospanas.es","article_modified_time":"2025-04-18T10:42:50+00:00","og_image":[{"width":468,"height":219,"url":"https:\/\/lospanas.es\/wp-content\/uploads\/1LOS-PANAS-DELIVERY.png","type":"image\/png"}],"twitter_card":"summary_large_image","twitter_misc":{"Temps estimat de lectura":"1 minut"},"schema":{"@context":"https:\/\/schema.org","@graph":[{"@type":"WebPage","@id":"https:\/\/lospanas.es\/shop\/","url":"https:\/\/lospanas.es\/shop\/","name":"Los Panas - Comanda en l\u00ednia \ud83d\udd25 2026 \u2705","isPartOf":{"@id":"https:\/\/lospanas.es\/#website"},"primaryImageOfPage":{"@id":"https:\/\/lospanas.es\/shop\/#primaryimage"},"image":{"@id":"https:\/\/lospanas.es\/shop\/#primaryimage"},"thumbnailUrl":"https:\/\/lospanas.es\/wp-content\/uploads\/1LOS-PANAS-DELIVERY.png","datePublished":"2025-01-28T23:25:39+00:00","dateModified":"2025-04-18T10:42:50+00:00","description":"Hamburgueses, shawarma, pepitos, teque\u00f1os i m\u00e9s. \ud83c\udf54 Del restaurant a la teva taula, demana el millor menjar de carrer vene\u00e7ol\u00e0 per a lliurament a domicili \ud83d\udd25","breadcrumb":{"@id":"https:\/\/lospanas.es\/shop\/#breadcrumb"},"inLanguage":"ca","potentialAction":[{"@type":"ReadAction","target":["https:\/\/lospanas.es\/shop\/"]}]},{"@type":"ImageObject","inLanguage":"ca","@id":"https:\/\/lospanas.es\/shop\/#primaryimage","url":"https:\/\/lospanas.es\/wp-content\/uploads\/1LOS-PANAS-DELIVERY.png","contentUrl":"https:\/\/lospanas.es\/wp-content\/uploads\/1LOS-PANAS-DELIVERY.png","width":468,"height":219,"caption":"LOS-PANAS-DELIVERY"},{"@type":"BreadcrumbList","@id":"https:\/\/lospanas.es\/shop\/#breadcrumb","itemListElement":[{"@type":"ListItem","position":1,"name":"Portada","item":"https:\/\/lospanas.es\/"},{"@type":"ListItem","position":2,"name":"SHOP"}]},{"@type":"WebSite","@id":"https:\/\/lospanas.es\/#website","url":"https:\/\/lospanas.es\/","name":"LOS PANAS","description":"Restaurant vene\u00e7ol\u00e0","publisher":{"@id":"https:\/\/lospanas.es\/#organization"},"alternateName":"Los Panas","potentialAction":[{"@type":"SearchAction","target":{"@type":"EntryPoint","urlTemplate":"https:\/\/lospanas.es\/?s={search_term_string}"},"query-input":{"@type":"PropertyValueSpecification","valueRequired":true,"valueName":"search_term_string"}}],"inLanguage":"ca"},{"@type":"Organization","@id":"https:\/\/lospanas.es\/#organization","name":"LOS PANAS Restaurant vene\u00e7ol\u00e0","alternateName":"Los Panas","url":"https:\/\/lospanas.es\/","logo":{"@type":"ImageObject","inLanguage":"ca","@id":"https:\/\/lospanas.es\/#\/schema\/logo\/image\/","url":"https:\/\/lospanas.es\/wp-content\/uploads\/2025\/01\/Logo-LOS-PANAS-300px.png","contentUrl":"https:\/\/lospanas.es\/wp-content\/uploads\/2025\/01\/Logo-LOS-PANAS-300px.png","width":300,"height":230,"caption":"LOS PANAS Restaurante Venezolano"},"image":{"@id":"https:\/\/lospanas.es\/#\/schema\/logo\/image\/"},"sameAs":["https:\/\/www.facebook.com\/lospanas.es","https:\/\/www.instagram.com\/lospanas.es\/"]}]}},"_links":{"self":[{"href":"https:\/\/lospanas.es\/ca\/wp-json\/wp\/v2\/pages\/905","targetHints":{"allow":["GET"]}}],"collection":[{"href":"https:\/\/lospanas.es\/ca\/wp-json\/wp\/v2\/pages"}],"about":[{"href":"https:\/\/lospanas.es\/ca\/wp-json\/wp\/v2\/types\/page"}],"author":[{"embeddable":true,"href":"https:\/\/lospanas.es\/ca\/wp-json\/wp\/v2\/users\/1"}],"replies":[{"embeddable":true,"href":"https:\/\/lospanas.es\/ca\/wp-json\/wp\/v2\/comments?post=905"}],"version-history":[{"count":89,"href":"https:\/\/lospanas.es\/ca\/wp-json\/wp\/v2\/pages\/905\/revisions"}],"predecessor-version":[{"id":2560,"href":"https:\/\/lospanas.es\/ca\/wp-json\/wp\/v2\/pages\/905\/revisions\/2560"}],"wp:featuredmedia":[{"embeddable":true,"href":"https:\/\/lospanas.es\/ca\/wp-json\/wp\/v2\/media\/1626"}],"wp:attachment":[{"href":"https:\/\/lospanas.es\/ca\/wp-json\/wp\/v2\/media?parent=905"}],"curies":[{"name":"wp","href":"https:\/\/api.w.org\/{rel}","templated":true}]}}